{"id":1784,"date":"2021-08-05T07:06:20","date_gmt":"2021-08-05T07:06:20","guid":{"rendered":"https:\/\/sespai6.com\/politica-privacidad\/"},"modified":"2024-04-05T12:05:06","modified_gmt":"2024-04-05T12:05:06","slug":"privacy-policy","status":"publish","type":"page","link":"https:\/\/sespai6.com\/en\/privacy-policy\/","title":{"rendered":"<strong>Privacy Policy<\/strong>"},"content":{"rendered":"\t\t<div data-elementor-type=\"wp-page\" data-elementor-id=\"1784\" class=\"elementor elementor-1784 elementor-3\">\n\t\t\t\t\t\t\t\t\t<section class=\"elementor-section elementor-top-section elementor-element elementor-element-5108c96 elementor-section-stretched elementor-section-boxed elementor-section-height-default elementor-section-height-default\" data-id=\"5108c96\" data-element_type=\"section\" data-settings=\"{&quot;stretch_section&quot;:&quot;section-stretched&quot;,&quot;background_background&quot;:&quot;classic&quot;}\">\n\t\t\t\t\t\t<div class=\"elementor-container elementor-column-gap-no\">\n\t\t\t\t\t<div class=\"elementor-column elementor-col-100 elementor-top-column elementor-element elementor-element-9d0b9ac\" data-id=\"9d0b9ac\" data-element_type=\"column\">\n\t\t\t<div class=\"elementor-widget-wrap elementor-element-populated\">\n\t\t\t\t\t\t\t\t<div class=\"elementor-element elementor-element-c10fd01 elementor-widget elementor-widget-heading\" data-id=\"c10fd01\" data-element_type=\"widget\" data-widget_type=\"heading.default\">\n\t\t\t\t<div class=\"elementor-widget-container\">\n\t\t\t<style>\/*! elementor - v3.9.2 - 21-12-2022 *\/\n.elementor-heading-title{padding:0;margin:0;line-height:1}.elementor-widget-heading .elementor-heading-title[class*=elementor-size-]>a{color:inherit;font-size:inherit;line-height:inherit}.elementor-widget-heading .elementor-heading-title.elementor-size-small{font-size:15px}.elementor-widget-heading .elementor-heading-title.elementor-size-medium{font-size:19px}.elementor-widget-heading .elementor-heading-title.elementor-size-large{font-size:29px}.elementor-widget-heading .elementor-heading-title.elementor-size-xl{font-size:39px}.elementor-widget-heading .elementor-heading-title.elementor-size-xxl{font-size:59px}<\/style><h1 class=\"elementor-heading-title elementor-size-default\">Pol\u00edtica de privacidad<\/h1>\t\t<\/div>\n\t\t\t\t<\/div>\n\t\t\t\t\t<\/div>\n\t\t<\/div>\n\t\t\t\t\t\t\t<\/div>\n\t\t<\/section>\n\t\t\t\t<section class=\"elementor-section elementor-top-section elementor-element elementor-element-ee641ee elementor-section-boxed elementor-section-height-default elementor-section-height-default\" data-id=\"ee641ee\" data-element_type=\"section\" data-settings=\"{&quot;background_background&quot;:&quot;classic&quot;}\">\n\t\t\t\t\t\t<div class=\"elementor-container elementor-column-gap-no\">\n\t\t\t\t\t<div class=\"elementor-column elementor-col-100 elementor-top-column elementor-element elementor-element-5905b09\" data-id=\"5905b09\" data-element_type=\"column\">\n\t\t\t<div class=\"elementor-widget-wrap elementor-element-populated\">\n\t\t\t\t\t\t\t\t<div class=\"elementor-element elementor-element-ae4fef9 elementor-widget elementor-widget-spacer\" data-id=\"ae4fef9\" data-element_type=\"widget\" data-widget_type=\"spacer.default\">\n\t\t\t\t<div class=\"elementor-widget-container\">\n\t\t\t<style>\/*! elementor - v3.9.2 - 21-12-2022 *\/\n.elementor-column .elementor-spacer-inner{height:var(--spacer-size)}.e-con{--container-widget-width:100%}.e-con-inner>.elementor-widget-spacer,.e-con>.elementor-widget-spacer{width:var(--container-widget-width,var(--spacer-size));--align-self:var(--container-widget-align-self,initial);--flex-shrink:0}.e-con-inner>.elementor-widget-spacer>.elementor-widget-container,.e-con-inner>.elementor-widget-spacer>.elementor-widget-container>.elementor-spacer,.e-con>.elementor-widget-spacer>.elementor-widget-container,.e-con>.elementor-widget-spacer>.elementor-widget-container>.elementor-spacer{height:100%}.e-con-inner>.elementor-widget-spacer>.elementor-widget-container>.elementor-spacer>.elementor-spacer-inner,.e-con>.elementor-widget-spacer>.elementor-widget-container>.elementor-spacer>.elementor-spacer-inner{height:var(--container-widget-height,var(--spacer-size))}<\/style>\t\t<div class=\"elementor-spacer\">\n\t\t\t<div class=\"elementor-spacer-inner\"><\/div>\n\t\t<\/div>\n\t\t\t\t<\/div>\n\t\t\t\t<\/div>\n\t\t\t\t<div class=\"elementor-element elementor-element-8541c6c elementor-widget elementor-widget-text-editor\" data-id=\"8541c6c\" data-element_type=\"widget\" data-widget_type=\"text-editor.default\">\n\t\t\t\t<div class=\"elementor-widget-container\">\n\t\t\t<style>\/*! elementor - v3.9.2 - 21-12-2022 *\/\n.elementor-widget-text-editor.elementor-drop-cap-view-stacked .elementor-drop-cap{background-color:#818a91;color:#fff}.elementor-widget-text-editor.elementor-drop-cap-view-framed .elementor-drop-cap{color:#818a91;border:3px solid;background-color:transparent}.elementor-widget-text-editor:not(.elementor-drop-cap-view-default) .elementor-drop-cap{margin-top:8px}.elementor-widget-text-editor:not(.elementor-drop-cap-view-default) .elementor-drop-cap-letter{width:1em;height:1em}.elementor-widget-text-editor .elementor-drop-cap{float:left;text-align:center;line-height:1;font-size:50px}.elementor-widget-text-editor .elementor-drop-cap-letter{display:inline-block}<\/style>\t\t\t\t<p><strong>Who is responsible for your data?<\/strong><\/p><p><strong>Owners:<\/strong> M\u00d3NICA MONJE RIBERA Y ISABEL ANA COLOM OLIVER (hereinafter, \u201cS\u2019ESPAI 6\u201d)<br \/><strong>Commercial Name:<\/strong>\u00a0S\u2019ESPAI 6<br \/><strong>Address:<\/strong>\u00a0MANUEL CARRASCOSA 6, 1\u00baA, 07100 S\u00d3LLER<strong><br \/>VAT number:<\/strong>\u00a040987875-N Y 43154332-F<br \/><strong>Email:<\/strong>\u00a0<a href=\"mailto:namaste@xuanlanyoga.com\">hola@sespai6.com<\/a><\/p><p>\u00a0<\/p><p><strong>What purposes do we process your data for?<\/strong><\/p><p>From S&#8217;ESPAI 6, we will process your personal data for the following purposes:<\/p><p>&#8211; For the management and provision of contracted services, as well as their subsequent billing, all based on the contractual or pre-contractual relationship previously established between you and S&#8217;ESPAI 6.<\/p><p>&#8211; To address and respond to any privacy-related inquiries or requests to exercise your rights in data protection matters submitted through the indicated channels, always in compliance with our legal obligations.<\/p><p>&#8211; In the case of subscribing to our newsletter, to periodically send you electronic communications about our services, as well as news, legislative updates, or events related to our professional activity, unless you indicate otherwise or object to or revoke your consent.<\/p><p>&#8211; To periodically send you commercial and\/or promotional information related to the previously contracted services, unless you indicate otherwise or object to or revoke your consent.<\/p><p>\u00a0<\/p><p><strong>What categories of data do we process?<\/strong><\/p><p>In accordance with the aforementioned purposes, S&#8217;ESPAI 6 processes the following categories of data:<\/p><p>&#8211; Identifying data: name, surname, ID number, postal address, email address, postal code, telephone number.<\/p><p>&#8211; Traffic and location data: see our Cookie Policy for more information.<\/p><p>&#8211; Metadata of electronic communications.<\/p><p>This personal data is essential and, therefore, mandatory in order to provide the services we offer. Failure to provide them will result in S&#8217;ESPAI 6 being unable to provide the contracted services.<\/p><p>You guarantee that the data provided is true, accurate, complete, and up-to-date, assuming responsibility for any direct or indirect damage or harm that may arise as a result of failing to meet this obligation.<\/p><p>\u00a0<\/p><p><strong>How long do we keep your data?<\/strong><\/p><p>S&#8217;ESPAI 6 will keep your personal data only for as long as necessary to fulfill the purposes for which they were collected and\/or to address any potential responsibilities, as well as to defend against claims, until you revoke the consents granted. In such cases, or once said period has elapsed, your data may be kept and blocked for the legally established periods.<\/p><p>\u00a0<\/p><p><strong>What is the legitimacy for processing your data?<\/strong><\/p><p>The legal bases for processing your personal data are as follows:<\/p><p>&#8211; Regarding the management and provision of contracted services, as well as their payment and billing, the processing of your data is based on the performance of the contract itself.<\/p><p>&#8211; Regarding the sending of electronic communications, commercial, and\/or promotional, the processing is based on the legitimate interest of S&#8217;ESPAI 6.<\/p><p>&#8211; For any other processing of your personal data, S&#8217;ESPAI 6 will obtain your express consent for each specific case, in which case this will constitute the legitimizing basis of the processing.<\/p><p>&#8211; Finally, your personal data may also be used to fulfill the different legal obligations applicable to S&#8217;ESPAI 6, in which case this will be the legitimizing basis.<\/p><p>\u00a0<\/p><p><strong>Who will your data be communicated to?<\/strong><\/p><p>From S&#8217;ESPAI 6, we may communicate your personal data to the following entities, always based on the aforementioned purposes:<\/p><p>&#8211; To Public Administrations in compliance with the legal obligations applicable to us in accordance with current regulations.<\/p><p>&#8211; To State Security Forces and Bodies in accordance with the provisions of applicable legislation.<\/p><p>&#8211; To banks and financial entities for the collection of services provided.<\/p><p>&#8211; To our auxiliary service providers, which are essential for the proper provision of the contracted services (among others, hosting providers, messaging providers, tax management and\/or advisory service providers, providers of email sending services).<\/p><p>\u00a0<\/p><p><strong>What rights can you exercise and how can you do it?<\/strong><\/p><p>You may, at any time and free of charge, exercise the following rights:<\/p><p>&#8211; Access your personal data to know which ones are being processed and for what purpose.<\/p><p>&#8211; Rectify any inaccurate personal data.<\/p><p>&#8211; Request the deletion of your personal data, when possible.<\/p><p>&#8211; Request the limitation of the processing of your personal data when their accuracy, legality, or the need for the processing of the data is in doubt, in which case we may keep the data for the exercise or defense of claims.<\/p><p>&#8211; Object to the processing of your personal data when the legitimizing basis is legitimate interest.<\/p><p>&#8211; Request the portability of your data.<\/p><p>&#8211; Revoke the consent given.<\/p><p>To exercise these rights, you may send a written request to S&#8217;ESPAI 6 at the following address: Carrer Manuel carrascosa 6 \u2013 1\u00ba A, 07100 S\u00f3ller, Mallorca, Illes Balears; or by sending an email to hola@sespai6.com, always indicating the reference &#8220;Personal data&#8221; and attaching a copy of your ID card or substitute identifying document and indicating the specific right you wish to exercise.<\/p><p>Additionally, we inform you that you have the right to address the Spanish<\/p><p>\u00a0Data Protection Agency and file a complaint in case of infringement of the legislation on data protection regarding the processing of your personal data.<\/p><p>\u00a0<\/p><p><strong>Are your data protected?<\/strong><\/p><p>At S&#8217;ESPAI 6, we have a strong commitment to the protection of personal data and the privacy of our users. Therefore, to ensure the security and protection of the personal data collected in accordance with this privacy policy, we want to assure you that we implement all necessary technical security measures to prevent their loss, manipulation, dissemination, or alteration.<\/p><p>Last updated: May 25, 2022<\/p>\t\t\t\t\t\t<\/div>\n\t\t\t\t<\/div>\n\t\t\t\t<div class=\"elementor-element elementor-element-d7e347f elementor-widget elementor-widget-spacer\" data-id=\"d7e347f\" data-element_type=\"widget\" data-widget_type=\"spacer.default\">\n\t\t\t\t<div class=\"elementor-widget-container\">\n\t\t\t\t\t<div class=\"elementor-spacer\">\n\t\t\t<div class=\"elementor-spacer-inner\"><\/div>\n\t\t<\/div>\n\t\t\t\t<\/div>\n\t\t\t\t<\/div>\n\t\t\t\t\t<\/div>\n\t\t<\/div>\n\t\t\t\t\t\t\t<\/div>\n\t\t<\/section>\n\t\t\t\t\t\t\t<\/div>\n\t\t","protected":false},"excerpt":{"rendered":"<p>Pol\u00edtica de privacidad Who is responsible for your data? Owners: M\u00d3NICA MONJE RIBERA Y ISABEL ANA COLOM OLIVER (hereinafter, \u201cS\u2019ESPAI 6\u201d)Commercial Name:\u00a0S\u2019ESPAI 6Address:\u00a0MANUEL CARRASCOSA 6, 1\u00baA, 07100 S\u00d3LLERVAT number:\u00a040987875-N Y 43154332-FEmail:\u00a0hola@sespai6.com \u00a0 What purposes do we process your data for? From S&#8217;ESPAI 6, we will process your personal data for the following purposes: &#8211; For [&hellip;]<\/p>\n","protected":false},"author":1,"featured_media":0,"parent":0,"menu_order":0,"comment_status":"closed","ping_status":"closed","template":"elementor_header_footer","meta":[],"yoast_head":"<!-- This site is optimized with the Yoast SEO plugin v19.13 - https:\/\/yoast.com\/wordpress\/plugins\/seo\/ -->\n<title>Yoga &amp; Pilates center, S\u00f3ller, Mallorca | S&#039;ESPAI6 | Privacy Policy<\/title>\n<meta name=\"robots\" content=\"index, follow, max-snippet:-1, max-image-preview:large, max-video-preview:-1\" \/>\n<link rel=\"canonical\" href=\"https:\/\/sespai6.com\/en\/privacy-policy\/\" \/>\n<meta property=\"og:locale\" content=\"en_US\" \/>\n<meta property=\"og:type\" content=\"article\" \/>\n<meta property=\"og:title\" content=\"Yoga &amp; Pilates center, S\u00f3ller, Mallorca | S&#039;ESPAI6 | Privacy Policy\" \/>\n<meta property=\"og:description\" content=\"Pol\u00edtica de privacidad Who is responsible for your data? Owners: M\u00d3NICA MONJE RIBERA Y ISABEL ANA COLOM OLIVER (hereinafter, \u201cS\u2019ESPAI 6\u201d)Commercial Name:\u00a0S\u2019ESPAI 6Address:\u00a0MANUEL CARRASCOSA 6, 1\u00baA, 07100 S\u00d3LLERVAT number:\u00a040987875-N Y 43154332-FEmail:\u00a0hola@sespai6.com \u00a0 What purposes do we process your data for? From S&#8217;ESPAI 6, we will process your personal data for the following purposes: &#8211; For [&hellip;]\" \/>\n<meta property=\"og:url\" content=\"https:\/\/sespai6.com\/en\/privacy-policy\/\" \/>\n<meta property=\"og:site_name\" content=\"s&#039;espai6\" \/>\n<meta property=\"article:modified_time\" content=\"2024-04-05T12:05:06+00:00\" \/>\n<meta name=\"twitter:card\" content=\"summary_large_image\" \/>\n<meta name=\"twitter:label1\" content=\"Est. reading time\" \/>\n\t<meta name=\"twitter:data1\" content=\"4 minutes\" \/>\n<script type=\"application\/ld+json\" class=\"yoast-schema-graph\">{\"@context\":\"https:\/\/schema.org\",\"@graph\":[{\"@type\":\"WebPage\",\"@id\":\"https:\/\/sespai6.com\/en\/privacy-policy\/\",\"url\":\"https:\/\/sespai6.com\/en\/privacy-policy\/\",\"name\":\"Yoga & Pilates center, S\u00f3ller, Mallorca | S'ESPAI6 | Privacy Policy\",\"isPartOf\":{\"@id\":\"https:\/\/sespai6.com\/en\/#website\"},\"datePublished\":\"2021-08-05T07:06:20+00:00\",\"dateModified\":\"2024-04-05T12:05:06+00:00\",\"breadcrumb\":{\"@id\":\"https:\/\/sespai6.com\/en\/privacy-policy\/#breadcrumb\"},\"inLanguage\":\"en-US\",\"potentialAction\":[{\"@type\":\"ReadAction\",\"target\":[\"https:\/\/sespai6.com\/en\/privacy-policy\/\"]}]},{\"@type\":\"BreadcrumbList\",\"@id\":\"https:\/\/sespai6.com\/en\/privacy-policy\/#breadcrumb\",\"itemListElement\":[{\"@type\":\"ListItem\",\"position\":1,\"name\":\"Portada\",\"item\":\"https:\/\/sespai6.com\/en\/\"},{\"@type\":\"ListItem\",\"position\":2,\"name\":\"Privacy Policy\"}]},{\"@type\":\"WebSite\",\"@id\":\"https:\/\/sespai6.com\/en\/#website\",\"url\":\"https:\/\/sespai6.com\/en\/\",\"name\":\"s&#039;espai6\",\"description\":\"Pilates &amp; Yoga studio\",\"potentialAction\":[{\"@type\":\"SearchAction\",\"target\":{\"@type\":\"EntryPoint\",\"urlTemplate\":\"https:\/\/sespai6.com\/en\/?s={search_term_string}\"},\"query-input\":\"required name=search_term_string\"}],\"inLanguage\":\"en-US\"}]}<\/script>\n<!-- \/ Yoast SEO plugin. -->","yoast_head_json":{"title":"Yoga & Pilates center, S\u00f3ller, Mallorca | S'ESPAI6 | Privacy Policy","robots":{"index":"index","follow":"follow","max-snippet":"max-snippet:-1","max-image-preview":"max-image-preview:large","max-video-preview":"max-video-preview:-1"},"canonical":"https:\/\/sespai6.com\/en\/privacy-policy\/","og_locale":"en_US","og_type":"article","og_title":"Yoga & Pilates center, S\u00f3ller, Mallorca | S'ESPAI6 | Privacy Policy","og_description":"Pol\u00edtica de privacidad Who is responsible for your data? Owners: M\u00d3NICA MONJE RIBERA Y ISABEL ANA COLOM OLIVER (hereinafter, \u201cS\u2019ESPAI 6\u201d)Commercial Name:\u00a0S\u2019ESPAI 6Address:\u00a0MANUEL CARRASCOSA 6, 1\u00baA, 07100 S\u00d3LLERVAT number:\u00a040987875-N Y 43154332-FEmail:\u00a0hola@sespai6.com \u00a0 What purposes do we process your data for? From S&#8217;ESPAI 6, we will process your personal data for the following purposes: &#8211; For [&hellip;]","og_url":"https:\/\/sespai6.com\/en\/privacy-policy\/","og_site_name":"s&#039;espai6","article_modified_time":"2024-04-05T12:05:06+00:00","twitter_card":"summary_large_image","twitter_misc":{"Est. reading time":"4 minutes"},"schema":{"@context":"https:\/\/schema.org","@graph":[{"@type":"WebPage","@id":"https:\/\/sespai6.com\/en\/privacy-policy\/","url":"https:\/\/sespai6.com\/en\/privacy-policy\/","name":"Yoga & Pilates center, S\u00f3ller, Mallorca | S'ESPAI6 | Privacy Policy","isPartOf":{"@id":"https:\/\/sespai6.com\/en\/#website"},"datePublished":"2021-08-05T07:06:20+00:00","dateModified":"2024-04-05T12:05:06+00:00","breadcrumb":{"@id":"https:\/\/sespai6.com\/en\/privacy-policy\/#breadcrumb"},"inLanguage":"en-US","potentialAction":[{"@type":"ReadAction","target":["https:\/\/sespai6.com\/en\/privacy-policy\/"]}]},{"@type":"BreadcrumbList","@id":"https:\/\/sespai6.com\/en\/privacy-policy\/#breadcrumb","itemListElement":[{"@type":"ListItem","position":1,"name":"Portada","item":"https:\/\/sespai6.com\/en\/"},{"@type":"ListItem","position":2,"name":"Privacy Policy"}]},{"@type":"WebSite","@id":"https:\/\/sespai6.com\/en\/#website","url":"https:\/\/sespai6.com\/en\/","name":"s&#039;espai6","description":"Pilates &amp; Yoga studio","potentialAction":[{"@type":"SearchAction","target":{"@type":"EntryPoint","urlTemplate":"https:\/\/sespai6.com\/en\/?s={search_term_string}"},"query-input":"required name=search_term_string"}],"inLanguage":"en-US"}]}},"_links":{"self":[{"href":"https:\/\/sespai6.com\/en\/wp-json\/wp\/v2\/pages\/1784"}],"collection":[{"href":"https:\/\/sespai6.com\/en\/wp-json\/wp\/v2\/pages"}],"about":[{"href":"https:\/\/sespai6.com\/en\/wp-json\/wp\/v2\/types\/page"}],"author":[{"embeddable":true,"href":"https:\/\/sespai6.com\/en\/wp-json\/wp\/v2\/users\/1"}],"replies":[{"embeddable":true,"href":"https:\/\/sespai6.com\/en\/wp-json\/wp\/v2\/comments?post=1784"}],"version-history":[{"count":10,"href":"https:\/\/sespai6.com\/en\/wp-json\/wp\/v2\/pages\/1784\/revisions"}],"predecessor-version":[{"id":1794,"href":"https:\/\/sespai6.com\/en\/wp-json\/wp\/v2\/pages\/1784\/revisions\/1794"}],"wp:attachment":[{"href":"https:\/\/sespai6.com\/en\/wp-json\/wp\/v2\/media?parent=1784"}],"curies":[{"name":"wp","href":"https:\/\/api.w.org\/{rel}","templated":true}]}}